
{"id":3607,"date":"2017-04-05T13:46:43","date_gmt":"2017-04-05T11:46:43","guid":{"rendered":"https:\/\/biznes.piekary.pl\/invest-in-piekary\/"},"modified":"2017-12-14T11:32:17","modified_gmt":"2017-12-14T10:32:17","slug":"invest-in-piekary","status":"publish","type":"page","link":"https:\/\/biznes.piekary.pl\/de\/invest-in-piekary\/","title":{"rendered":"INVEST IN PIEKARY"},"content":{"rendered":"<p style=\"text-align: justify\">W biznesie decyzje cz\u0119sto podejmujesz samodzielnie, co nie oznacza, \u017ce jeste\u015b w nim sam. Dla wielu przedsi\u0119biorc\u00f3w otoczenie i atmosfera do jego prowadzenia jest wa\u017cnym czynnikiem rozwoju. My\u015blimy podobnie i jako gospodarz troszczymy si\u0119 o ducha biznesu. Piekary \u015al\u0105skie, to miejsce gotowe na przysz\u0142o\u015b\u0107. Tworzymy je razem z przedsi\u0119biorcami, kt\u00f3rzy zaufali nam realizuj\u0105c tu swoje inwestycje. Wci\u0105\u017c nie zwalniamy tempa!<\/p>\n<p><iframe loading=\"lazy\" title=\"Ziemia obiecana inwestor\u00f3w!\" width=\"500\" height=\"281\" src=\"https:\/\/www.youtube.com\/embed\/yp4VjlzTVhk?start=6&#038;feature=oembed\" frameborder=\"0\" allow=\"accelerometer; autoplay; clipboard-write; encrypted-media; gyroscope; picture-in-picture; web-share\" referrerpolicy=\"strict-origin-when-cross-origin\" allowfullscreen><\/iframe><\/p>\n","protected":false},"excerpt":{"rendered":"<p>W biznesie decyzje cz\u0119sto podejmujesz samodzielnie, co nie oznacza, \u017ce jeste\u015b w nim sam. Dla wielu przedsi\u0119biorc\u00f3w otoczenie i atmosfera do jego prowadzenia jest wa\u017cnym czynnikiem rozwoju. My\u015blimy podobnie i&#8230;<\/p>\n","protected":false},"author":1,"featured_media":0,"parent":0,"menu_order":0,"comment_status":"closed","ping_status":"closed","template":"","meta":{"_acf_changed":false,"footnotes":""},"class_list":["post-3607","page","type-page","status-publish","hentry"],"acf":[],"yoast_head":"<!-- This site is optimized with the Yoast SEO plugin v27.2 - https:\/\/yoast.com\/product\/yoast-seo-wordpress\/ -->\n<title>INVEST IN PIEKARY | Biznes Piekary<\/title>\n<meta name=\"robots\" content=\"index, follow, max-snippet:-1, max-image-preview:large, max-video-preview:-1\" \/>\n<link rel=\"canonical\" href=\"https:\/\/biznes.piekary.pl\/de\/invest-in-piekary\/\" \/>\n<meta property=\"og:locale\" content=\"de_DE\" \/>\n<meta property=\"og:type\" content=\"article\" \/>\n<meta property=\"og:title\" content=\"INVEST IN PIEKARY | Biznes Piekary\" \/>\n<meta property=\"og:description\" content=\"W biznesie decyzje cz\u0119sto podejmujesz samodzielnie, co nie oznacza, \u017ce jeste\u015b w nim sam. Dla wielu przedsi\u0119biorc\u00f3w otoczenie i atmosfera do jego prowadzenia jest wa\u017cnym czynnikiem rozwoju. My\u015blimy podobnie i...\" \/>\n<meta property=\"og:url\" content=\"https:\/\/biznes.piekary.pl\/de\/invest-in-piekary\/\" \/>\n<meta property=\"og:site_name\" content=\"Biznes Piekary\" \/>\n<meta property=\"article:modified_time\" content=\"2017-12-14T10:32:17+00:00\" \/>\n<meta name=\"twitter:card\" content=\"summary_large_image\" \/>\n<script type=\"application\/ld+json\" class=\"yoast-schema-graph\">{\"@context\":\"https:\/\/schema.org\",\"@graph\":[{\"@type\":\"WebPage\",\"@id\":\"https:\/\/biznes.piekary.pl\/de\/invest-in-piekary\/\",\"url\":\"https:\/\/biznes.piekary.pl\/de\/invest-in-piekary\/\",\"name\":\"INVEST IN PIEKARY | Biznes Piekary\",\"isPartOf\":{\"@id\":\"https:\/\/biznes.piekary.pl\/#website\"},\"datePublished\":\"2017-04-05T11:46:43+00:00\",\"dateModified\":\"2017-12-14T10:32:17+00:00\",\"breadcrumb\":{\"@id\":\"https:\/\/biznes.piekary.pl\/de\/invest-in-piekary\/#breadcrumb\"},\"inLanguage\":\"de\",\"potentialAction\":[{\"@type\":\"ReadAction\",\"target\":[\"https:\/\/biznes.piekary.pl\/de\/invest-in-piekary\/\"]}]},{\"@type\":\"BreadcrumbList\",\"@id\":\"https:\/\/biznes.piekary.pl\/de\/invest-in-piekary\/#breadcrumb\",\"itemListElement\":[{\"@type\":\"ListItem\",\"position\":1,\"name\":\"Home\",\"item\":\"https:\/\/biznes.piekary.pl\/de\/\"},{\"@type\":\"ListItem\",\"position\":2,\"name\":\"INVEST IN PIEKARY\"}]},{\"@type\":\"WebSite\",\"@id\":\"https:\/\/biznes.piekary.pl\/#website\",\"url\":\"https:\/\/biznes.piekary.pl\/\",\"name\":\"Biznes Piekary\",\"description\":\"Piekary \u015al\u0105skie dla biznesu\",\"potentialAction\":[{\"@type\":\"SearchAction\",\"target\":{\"@type\":\"EntryPoint\",\"urlTemplate\":\"https:\/\/biznes.piekary.pl\/?s={search_term_string}\"},\"query-input\":{\"@type\":\"PropertyValueSpecification\",\"valueRequired\":true,\"valueName\":\"search_term_string\"}}],\"inLanguage\":\"de\"}]}<\/script>\n<!-- \/ Yoast SEO plugin. -->","yoast_head_json":{"title":"INVEST IN PIEKARY | Biznes Piekary","robots":{"index":"index","follow":"follow","max-snippet":"max-snippet:-1","max-image-preview":"max-image-preview:large","max-video-preview":"max-video-preview:-1"},"canonical":"https:\/\/biznes.piekary.pl\/de\/invest-in-piekary\/","og_locale":"de_DE","og_type":"article","og_title":"INVEST IN PIEKARY | Biznes Piekary","og_description":"W biznesie decyzje cz\u0119sto podejmujesz samodzielnie, co nie oznacza, \u017ce jeste\u015b w nim sam. Dla wielu przedsi\u0119biorc\u00f3w otoczenie i atmosfera do jego prowadzenia jest wa\u017cnym czynnikiem rozwoju. My\u015blimy podobnie i...","og_url":"https:\/\/biznes.piekary.pl\/de\/invest-in-piekary\/","og_site_name":"Biznes Piekary","article_modified_time":"2017-12-14T10:32:17+00:00","twitter_card":"summary_large_image","schema":{"@context":"https:\/\/schema.org","@graph":[{"@type":"WebPage","@id":"https:\/\/biznes.piekary.pl\/de\/invest-in-piekary\/","url":"https:\/\/biznes.piekary.pl\/de\/invest-in-piekary\/","name":"INVEST IN PIEKARY | Biznes Piekary","isPartOf":{"@id":"https:\/\/biznes.piekary.pl\/#website"},"datePublished":"2017-04-05T11:46:43+00:00","dateModified":"2017-12-14T10:32:17+00:00","breadcrumb":{"@id":"https:\/\/biznes.piekary.pl\/de\/invest-in-piekary\/#breadcrumb"},"inLanguage":"de","potentialAction":[{"@type":"ReadAction","target":["https:\/\/biznes.piekary.pl\/de\/invest-in-piekary\/"]}]},{"@type":"BreadcrumbList","@id":"https:\/\/biznes.piekary.pl\/de\/invest-in-piekary\/#breadcrumb","itemListElement":[{"@type":"ListItem","position":1,"name":"Home","item":"https:\/\/biznes.piekary.pl\/de\/"},{"@type":"ListItem","position":2,"name":"INVEST IN PIEKARY"}]},{"@type":"WebSite","@id":"https:\/\/biznes.piekary.pl\/#website","url":"https:\/\/biznes.piekary.pl\/","name":"Biznes Piekary","description":"Piekary \u015al\u0105skie dla biznesu","potentialAction":[{"@type":"SearchAction","target":{"@type":"EntryPoint","urlTemplate":"https:\/\/biznes.piekary.pl\/?s={search_term_string}"},"query-input":{"@type":"PropertyValueSpecification","valueRequired":true,"valueName":"search_term_string"}}],"inLanguage":"de"}]}},"publishpress_future_action":{"enabled":false,"date":"2026-04-23 00:15:27","action":"change-status","newStatus":"draft","terms":[],"taxonomy":"translation_priority","extraData":[]},"publishpress_future_workflow_manual_trigger":{"enabledWorkflows":[]},"_links":{"self":[{"href":"https:\/\/biznes.piekary.pl\/de\/wp-json\/wp\/v2\/pages\/3607","targetHints":{"allow":["GET"]}}],"collection":[{"href":"https:\/\/biznes.piekary.pl\/de\/wp-json\/wp\/v2\/pages"}],"about":[{"href":"https:\/\/biznes.piekary.pl\/de\/wp-json\/wp\/v2\/types\/page"}],"author":[{"embeddable":true,"href":"https:\/\/biznes.piekary.pl\/de\/wp-json\/wp\/v2\/users\/1"}],"replies":[{"embeddable":true,"href":"https:\/\/biznes.piekary.pl\/de\/wp-json\/wp\/v2\/comments?post=3607"}],"version-history":[{"count":0,"href":"https:\/\/biznes.piekary.pl\/de\/wp-json\/wp\/v2\/pages\/3607\/revisions"}],"wp:attachment":[{"href":"https:\/\/biznes.piekary.pl\/de\/wp-json\/wp\/v2\/media?parent=3607"}],"curies":[{"name":"wp","href":"https:\/\/api.w.org\/{rel}","templated":true}]}}